{"id":8011,"date":"2019-05-14T00:58:13","date_gmt":"2019-05-14T00:58:13","guid":{"rendered":"http:\/\/ninzio.com\/bauer\/?page_id=8011"},"modified":"2022-11-04T11:20:48","modified_gmt":"2022-11-04T11:20:48","slug":"home-construction","status":"publish","type":"page","link":"https:\/\/ekmkonstruksionteknologji.com\/","title":{"rendered":"Home EKM"},"content":{"rendered":"<p>[vc_row][vc_column][rev_slider_vc alias=&#8221;slider-4&#8243;][\/vc_column][\/vc_row][vc_row css=&#8221;.vc_custom_1557802417323{background-image: url(https:\/\/ekmkonstruksionteknologji.com\/wp-content\/uploads\/2019\/05\/section-about.png?id=8046) !important;background-position: center !important;background-repeat: no-repeat !important;background-size: cover !important;}&#8221;][vc_column][vc_row_inner][vc_column_inner width=&#8221;1\/3&#8243;]<div class=\"bauer-content-box clearfix \" data-padding=\"34px 30px 33px 30px\" data-mobipadding=\"34px 30px 33px 30px\" data-margin=\"-135px 0px 0px 0px\" data-mobimargin=\"-100px 0px 0px 0px\" >\r\n\t\t<div class=\"inner ctb-830329172\" style=\"\"  data-background=\"#ffffff\" data-rounded=\"5px\" data-border-color=\"#e7e7e7\" data-border-width=\"1px\" data-shadow=\" 0px 0px 20px 0px rgba(0,0,0,0.07)\">\r\n\t\t\t<div class=\"bauer-icon-box clearfix icon-top align-center  simple\" style=\"\" ><div class=\"wrap-inner\" style=\"position: relative;\"><div class=\"bauer-icon icon-826368702 accent custom\"  data-background=\"rgba(243,92,39,0.2)\">\r\n\t\t\t\t<span class=\"icon\" style=\"font-size:34px;width:70px;height:70px;border-style:solid;border-radius:40px;line-height:74px; box-shadow: 0px 0px 0px 5px rgba(243,92,39,0.1)\"><i class=\"bauerico-crane\"><\/i><\/span>\r\n\t\t\t<\/div> <h3 class=\"heading \" style=\"font-size:22px;line-height:35px;margin-top:26px;margin-bottom:13px;\">\r\n\t\t\t<span>Konstruksione<br \/>\nNd\u00ebrtime<\/span>\r\n\t\t<\/h3><div class=\"desc\" style=\"margin-bottom:27px;\"><p><span>\u00c7far\u00ebdo nevoje q\u00eb keni p\u00ebr nd\u00ebrtimin e nj\u00eb sht\u00ebpie, magazine, nd\u00ebrtese etj EKM \u00ebsht\u00eb n\u00eb dispozicionin tuaj<\/span><\/p>\n<\/div><div class=\"url-wrap\" style=\"\">\r\n\t\t\t<a target=\"_self\" class=\"bauer-links link-style-1 accent\" href=\"https:\/\/ekmkonstruksionteknologji.com\/index.php\/sherbime\/\" style=\"\">\r\n\t\t\t\t<span class=\"text\">Sh\u00ebrbimet tona<\/span>\r\n\t\t\t<\/a>\r\n\t\t<\/div> <\/div><\/div>\r\n\t\t<\/div>\r\n\t<\/div>\r\n\t<div class=\"bauer-spacer clearfix\" data-desktop=\"0\" data-mobi=\"130\" data-smobi=\"130\"><\/div>[\/vc_column_inner][vc_column_inner width=&#8221;1\/3&#8243;]<div class=\"bauer-content-box clearfix \" data-padding=\"34px 30px 31px 30px\" data-mobipadding=\"34px 30px 31px 30px\" data-margin=\"-135px 0px 0px 0px\" data-mobimargin=\"-100px 0px 0px 0px\" >\r\n\t\t<div class=\"inner ctb-310944766\" style=\"background:url(https:\/\/ekmkonstruksionteknologji.com\/wp-content\/uploads\/2019\/05\/iconbox-bg2-1.jpg) center center no-repeat;background-size:cover;\"  data-background=\"\" data-rounded=\"5px\" data-border-color=\"#f35c27\" data-border-width=\"0px 0px 4px 0px\" data-shadow=\" 0px 0px 30px 0px rgba(0,0,0,0.3)\">\r\n\t\t\t<div class=\"bauer-icon-box clearfix icon-top align-center  simple\" style=\"\" ><div class=\"wrap-inner\" style=\"position: relative;\"><div class=\"bauer-icon icon-1429550903 custom custom\"  data-icon=\"#ffffff\" data-background=\"rgba(255,255,255,0.2)\">\r\n\t\t\t\t<span class=\"icon\" style=\"font-size:34px;width:70px;height:70px;border-style:solid;border-radius:40px;line-height:74px; box-shadow: 0px 0px 0px 5px rgba(255,255,255,0.1)\"><i class=\"bauerico-hook\"><\/i><\/span>\r\n\t\t\t<\/div> <h3 class=\"heading  white\" style=\"color:#ffffff;font-size:22px;line-height:35px;margin-top:26px;margin-bottom:13px;\">\r\n\t\t\t<span>Energjitik\u00eb<br \/>\nElektrike<\/span>\r\n\t\t<\/h3><div class=\"desc\" style=\"color:#ffffff;margin-bottom:27px;\"><p><span>Ne punojm\u00eb n\u00eb projekte nd\u00ebrtimi t\u00eb t\u00eb gjitha madh\u00ebsive, nga instalimi i rrjeteve t\u00eb ndrysh\u00ebm me fuqi t\u00eb ul\u00ebt deri tek ato madhore elektrike etj<\/span><\/p>\n<\/div><div class=\"url-wrap\" style=\"\">\r\n\t\t\t<a target=\"_self\" class=\"bauer-links link-style-1\" href=\"https:\/\/ekmkonstruksionteknologji.com\/index.php\/sherbime\/\" style=\"color:#ffffff;\">\r\n\t\t\t\t<span class=\"text\">Sh\u00ebrbimet tona<\/span>\r\n\t\t\t<\/a>\r\n\t\t<\/div> <\/div><\/div>\r\n\t\t<\/div>\r\n\t<\/div>\r\n\t<div class=\"bauer-spacer clearfix\" data-desktop=\"0\" data-mobi=\"130\" data-smobi=\"130\"><\/div>[\/vc_column_inner][vc_column_inner width=&#8221;1\/3&#8243;]<div class=\"bauer-content-box clearfix \" data-padding=\"34px 30px 33px 30px\" data-mobipadding=\"34px 30px 33px 30px\" data-margin=\"-135px 0px 0px 0px\" data-mobimargin=\"-100px 0px 0px 0px\" >\r\n\t\t<div class=\"inner ctb-888773095\" style=\"\"  data-background=\"#ffffff\" data-rounded=\"5px\" data-border-color=\"#e7e7e7\" data-border-width=\"1px\" data-shadow=\" 0px 0px 20px 0px rgba(0,0,0,0.07)\">\r\n\t\t\t<div class=\"bauer-icon-box clearfix icon-top align-center  simple\" style=\"\" ><div class=\"wrap-inner\" style=\"position: relative;\"><div class=\"bauer-icon icon-1797974287 accent custom\"  data-background=\"rgba(243,92,39,0.2)\">\r\n\t\t\t\t<span class=\"icon\" style=\"font-size:34px;width:70px;height:70px;border-style:solid;border-radius:40px;line-height:74px; box-shadow: 0px 0px 0px 5px rgba(243,92,39,0.1)\"><i class=\"bauerico-tractor\"><\/i><\/span>\r\n\t\t\t<\/div> <h3 class=\"heading \" style=\"font-size:22px;line-height:35px;margin-top:26px;margin-bottom:13px;\">\r\n\t\t\t<span>Projektime<br \/>\nPunimet mekanike<\/span>\r\n\t\t<\/h3><div class=\"desc\" style=\"margin-bottom:27px;\"><p><span>N\u00ebse ju jeni nj\u00eb investitor privat, publik, nj\u00eb fermer ne ju vijm\u00eb n\u00eb ndihm\u00eb duke d\u00ebgjuar nevojat tuaja dhe ofruar zgjdhjen m\u00eb t\u00eb leverdisshme&#8230;<\/span><\/p>\n<\/div><div class=\"url-wrap\" style=\"\">\r\n\t\t\t<a target=\"_self\" class=\"bauer-links link-style-1 accent\" href=\"https:\/\/ekmkonstruksionteknologji.com\/index.php\/sherbime\/\" style=\"\">\r\n\t\t\t\t<span class=\"text\">Sh\u00ebrbimet tona<\/span>\r\n\t\t\t<\/a>\r\n\t\t<\/div> <\/div><\/div>\r\n\t\t<\/div>\r\n\t<\/div>[\/vc_column_inner][\/vc_row_inner]\r\n\t<div class=\"bauer-spacer clearfix\" data-desktop=\"100\" data-mobi=\"60\" data-smobi=\"60\"><\/div>[vc_row_inner][vc_column_inner width=&#8221;1\/2&#8243;]\r\n\t<div class=\"bauer-spacer clearfix\" data-desktop=\"45\" data-mobi=\"0\" data-smobi=\"0\"><\/div><div class=\"bauer-single-heading clearfix \" style=\"margin-bottom:25px;\"><span class=\"inner\"><span class=\"heading clearfix \" style=\"font-weight:600;color:#cacaca;font-size:16px;\">\r\n\t\tPROFESIONIST\u00cb T\u00cb FUSH\u00cbS\r\n\t<\/span><\/span><\/div><h2 class=\"bauer-text clearfix \" style=\"font-size:42px;line-height:50px;margin-bottom:32px;\"><p>Ne ju sh\u00ebrbejm\u00eb n\u00eb \u00e7do fush\u00eb t\u00eb nd\u00ebrtimit, riparimit q\u00eb keni nevoje\u00eb<\/p>\n<\/h2><div class=\"bauer-text clearfix \" style=\"font-size:18px;line-height:30px;color:#414042;margin-bottom:34px;\"><p>EKM Konstruksion &amp; Teknologji\u00ebsht\u00eb nj\u00eb kompani nd\u00ebrtimi me sh\u00ebrbime t\u00eb plota q\u00eb ofron zgjidhje nd\u00ebrtimi nga fillimi n\u00eb fund.<\/p>\n<\/div><div class=\"bauer-text clearfix \" style=\"margin-bottom:48px;\"><p>Kompania jon\u00eb p\u00ebrdor dhe ofron teknologjin\u00eb e fundit n\u00eb konstruksione, projektime, energjitik\u00eb, ndri\u00e7im etj<\/p>\n<\/div><div class=\"bauer-grid-box clearfix grid2 border-light v-30 h-0 no-borders\" data-grid=\"2\" >\r\n\t\t<div class=\"bauer-icon-box clearfix icon-left align-left  simple\" style=\"background-color:#f7f9fa;padding:22px 25px 22px 25px;border-radius:5px;\" ><div class=\"wrap-inner\" style=\"position: relative;\"><div class=\"bauer-icon icon-1399110063 custom accent-bg\"  data-icon=\"#ffffff\">\r\n\t\t\t\t<span class=\"icon\" style=\"font-size:18px;width:42px;height:42px;border-style:solid;border-radius:21px;line-height:44px; box-shadow: 0px 0px 0px 4px rgba(243,92,39,0.2)\"><i class=\"elegant-icon_phone\"><\/i><\/span>\r\n\t\t\t<\/div> <h3 class=\"heading \" style=\"padding-left:59px;color:#777777;font-size:15px;line-height:20px;\">\r\n\t\t\t<span>Kontakt<\/span>\r\n\t\t<\/h3><div class=\"desc\" style=\"padding-left:59px;\"><p><span class=\"text-accent-color font-weight-500 underline-dashed\"><span>+355 69 20 414 05<\/span><\/span><\/p>\n<\/div> <\/div><\/div><div class=\"bauer-icon-box clearfix icon-left align-left  simple\" style=\"background-color:#f7f9fa;padding:22px 25px 22px 25px;border-radius:5px;\" ><div class=\"wrap-inner\" style=\"position: relative;\"><div class=\"bauer-icon icon-1521258745 custom accent-bg\"  data-icon=\"#ffffff\">\r\n\t\t\t\t<span class=\"icon\" style=\"font-size:18px;width:42px;height:42px;border-style:solid;border-radius:21px;line-height:44px; box-shadow: 0px 0px 0px 4px rgba(243,92,39,0.2)\"><i class=\"elegant-icon_phone\"><\/i><\/span>\r\n\t\t\t<\/div> <h3 class=\"heading \" style=\"padding-left:59px;color:#777777;font-size:15px;line-height:20px;\">\r\n\t\t\t<span>Kontakt<\/span>\r\n\t\t<\/h3><div class=\"desc\" style=\"padding-left:59px;\"><p><span class=\"text-accent-color font-weight-500 underline-dashed\">+355 69 555 5594<br \/>\n<\/span><\/p>\n<\/div> <\/div><\/div>\n\r\n\t<\/div>\r\n\t<div class=\"bauer-spacer clearfix\" data-desktop=\"50\" data-mobi=\"10\" data-smobi=\"10\"><\/div><div class=\"button-wrap icon-right\" style=\"\" ><a href=\"https:\/\/ekmkonstruksionteknologji.com\/index.php\/kontakt\/\" target=\"_self\" class=\"bauer-button btn-581994008 medium icon_style_1 accent\" style=\"border-radius:30px;\"  data-text=\"#ffffff\" data-text-hover=\"#ffffff\" data-background-hover=\"#f35c27\">\r\n\t\t<span style=\"\">Na shkruani <\/span>\r\n\t<\/a><\/div>\r\n\t<div class=\"bauer-spacer clearfix\" data-desktop=\"0\" data-mobi=\"30\" data-smobi=\"30\"><\/div>[\/vc_column_inner][vc_column_inner width=&#8221;1\/2&#8243;]<div class=\"bauer-carousel-box arrow-style-1 arrow-center offsetcenter offset-v0 has-bullets arrow50\" data-auto=\"false\" data-loop=\"false\" data-gap=\"30\" data-column=\"1\" data-column2=\"1\" data-column3=\"1\">\r\n        <div class=\"owl-carousel owl-theme\"><div class=\"bauer-simple-image text-center\" style=\"\" >\r\n\t\t\t<img decoding=\"async\" alt=\"image\" src=\"https:\/\/ekmkonstruksionteknologji.com\/wp-content\/uploads\/2022\/11\/foto-1.jpg\" \/> \r\n\t\t<\/div><div class=\"bauer-simple-image text-center\" style=\"\" >\r\n\t\t\t<img decoding=\"async\" alt=\"image\" src=\"https:\/\/ekmkonstruksionteknologji.com\/wp-content\/uploads\/2022\/11\/foto-3.jpg\" \/> \r\n\t\t<\/div><div class=\"bauer-simple-image text-center\" style=\"\" >\r\n\t\t\t<img decoding=\"async\" alt=\"image\" src=\"https:\/\/ekmkonstruksionteknologji.com\/wp-content\/uploads\/2022\/11\/foto-2.jpg\" \/> \r\n\t\t<\/div><\/div>\r\n\t<\/div>[\/vc_column_inner][\/vc_row_inner]\r\n\t<div class=\"bauer-spacer clearfix\" data-desktop=\"100\" data-mobi=\"50\" data-smobi=\"50\"><\/div>[\/vc_column][\/vc_row][vc_row css=&#8221;.vc_custom_1557801723128{background-image: url(https:\/\/ekmkonstruksionteknologji.com\/wp-content\/uploads\/2019\/05\/section-bg4-2.jpg?id=8043) !important;background-position: center !important;background-repeat: no-repeat !important;background-size: cover !important;}&#8221;][vc_column]\r\n\t<div class=\"bauer-spacer clearfix\" data-desktop=\"100\" data-mobi=\"60\" data-smobi=\"60\"><\/div><div class=\"bauer-grid-box clearfix grid4 border-dark v-30 h-15 no-border-wrap\" data-grid=\"4\" >\r\n\t\t<div class=\"bauer-counter clearfix style-2 \" ><div class=\"inner\"><div class=\"left-wrap\" style=\"width:43%\"><div class=\"icon  accent\" style=\"font-size:50px; line-height: normal;line-height:40px;margin-right:20px;\"><i class=\"bauerico-plan\"><\/i><\/div><\/div><div class=\"right-wrap\" style=\"width:57%\"><h3 class=\"number-wrap\" style=\"color:#ffffff;font-weight:400;font-size:42px;\"><span class=\"prefix \" style=\"\"><\/span><span class=\"number \" data-speed=\"5000\" data-from=\"0\" data-to=\"238\"> 238<\/span><span class=\"suffix \" style=\"\"><\/span><\/h3><\/div><\/div><h5 class=\"heading\" style=\"color:#ffffff;font-size:18px;margin-top:10px;\">\r\n\t\tProjekte t\u00eb p\u00ebrfunduara\r\n\t<\/h5><\/div><div class=\"bauer-counter clearfix style-2 \" ><div class=\"inner\"><div class=\"left-wrap\" style=\"width:43%\"><div class=\"icon  accent\" style=\"font-size:50px; line-height: normal;line-height:40px;margin-right:20px;\"><i class=\"bauerico-knot\"><\/i><\/div><\/div><div class=\"right-wrap\" style=\"width:57%\"><h3 class=\"number-wrap\" style=\"color:#ffffff;font-weight:400;font-size:42px;\"><span class=\"prefix \" style=\"\"><\/span><span class=\"number \" data-speed=\"5000\" data-from=\"0\" data-to=\"60\"> 60<\/span><span class=\"suffix \" style=\"\"><\/span><\/h3><\/div><\/div><h5 class=\"heading\" style=\"color:#ffffff;font-size:18px;margin-top:10px;\">\r\n\t\tBashk\u00ebpunetor\u00eb\r\n\t<\/h5><\/div><div class=\"bauer-counter clearfix style-2 \" ><div class=\"inner\"><div class=\"left-wrap\" style=\"width:43%\"><div class=\"icon  accent\" style=\"font-size:50px; line-height: normal;line-height:40px;margin-right:20px;\"><i class=\"bauerico-ruler\"><\/i><\/div><\/div><div class=\"right-wrap\" style=\"width:57%\"><h3 class=\"number-wrap\" style=\"color:#ffffff;font-weight:400;font-size:42px;\"><span class=\"prefix \" style=\"\"><\/span><span class=\"number \" data-speed=\"5000\" data-from=\"0\" data-to=\"747\"> 747<\/span><span class=\"suffix \" style=\"color:#ffffff;\">+<\/span><\/h3><\/div><\/div><h5 class=\"heading\" style=\"color:#ffffff;font-size:18px;margin-top:10px;\">\r\n\t\tPunime\r\n\t<\/h5><\/div><div class=\"bauer-counter clearfix style-2 \" ><div class=\"inner\"><div class=\"left-wrap\" style=\"width:43%\"><div class=\"icon  accent\" style=\"font-size:50px; line-height: normal;line-height:40px;margin-right:20px;\"><i class=\"bauerico-building\"><\/i><\/div><\/div><div class=\"right-wrap\" style=\"width:57%\"><h3 class=\"number-wrap\" style=\"color:#ffffff;font-weight:400;font-size:42px;\"><span class=\"prefix \" style=\"\"><\/span><span class=\"number \" data-speed=\"5000\" data-from=\"0\" data-to=\"30\"> 30<\/span><span class=\"suffix \" style=\"color:#ffffff;\">+<\/span><\/h3><\/div><\/div><h5 class=\"heading\" style=\"color:#ffffff;font-size:18px;margin-top:10px;\">\r\n\t\tKlient\u00eb\r\n\t<\/h5><\/div>\n\r\n\t<\/div>\r\n\t<div class=\"bauer-spacer clearfix\" data-desktop=\"100\" data-mobi=\"60\" data-smobi=\"60\"><\/div>[\/vc_column][\/vc_row][vc_row fullwidth=&#8221;yes&#8221; css=&#8221;.vc_custom_1557803188334{background-color: #f7f9fa !important;}&#8221;][vc_column]\r\n\t<div class=\"bauer-spacer clearfix\" data-desktop=\"94\" data-mobi=\"60\" data-smobi=\"60\"><\/div><div class=\"bauer-content-box clearfix \" data-padding=\"0px 15px 0px 15px\" data-mobipadding=\"0px 15px 0px 15px\" data-margin=\"\" data-mobimargin=\"\" >\r\n\t\t<div class=\"inner ctb-442872903\" style=\"\"  data-background=\"\">\r\n\t\t\t<div class=\"bauer-single-heading clearfix text-center\" style=\"margin-bottom:24px;\"><span class=\"inner\"><span class=\"heading clearfix \" style=\"font-weight:600;color:#777777;font-size:16px;\">\r\n\t\tPROJEKTET E FUNDIT\r\n\t<\/span><\/span><\/div><h2 class=\"bauer-text clearfix text-center\" style=\"font-size:42px;line-height:50px;margin-bottom:30px;max-width:730px;margin-left: auto; margin-right: auto;\"><p><span class=\"font-weight-300\">Disa nga pun\u00ebt tona&#8230;<\/span><\/p>\n<\/h2><div class=\"bauer-text clearfix text-center\" style=\"font-size:18px;line-height:30px;color:#414042;max-width:730px;margin-left: auto; margin-right: auto;\"><p>Jemi krenar\u00eb t&#8217;ju tregojm\u00eb projektet tona m\u00eb t\u00eb fundit. Do t\u00eb gjeni nj\u00eb galeri t\u00eb larmishme zhvillimesh, rimodelimesh, shtesash dhe nd\u00ebrtimesh t\u00eb reja.<\/p>\n<\/div>\r\n\t\t<\/div>\r\n\t<\/div>\r\n\t<div class=\"bauer-spacer clearfix\" data-desktop=\"70\" data-mobi=\"40\" data-smobi=\"40\"><\/div>\r\n<div class=\"bauer-project arrow-center bullet-square offsetcenter offset-v0\" data-auto=\"false\" data-column=\"5\" data-column2=\"3\" data-column3=\"1\" data-gap=\"0\">\r\n<div style=\"\">\r\n\r\n\t\r\n\t<div class=\"owl-carousel owl-theme\">\r\n\t    \t\t\t<div class=\"project-box style-2\">\r\n\r\n\t\t\t\t\t<div class=\"project-image\"><div class=\"inner\"><img loading=\"lazy\" decoding=\"async\" width=\"450\" height=\"528\" src=\"https:\/\/ekmkonstruksionteknologji.com\/wp-content\/uploads\/2022\/11\/foto-3-450x528.jpg\" class=\"attachment-bauer-rectangle2 size-bauer-rectangle2 wp-post-image\" alt=\"\" \/><div class=\"icons\"><a href=\"https:\/\/ekmkonstruksionteknologji.com\/index.php\/project\/1-3\/\">next<\/a><\/div><div class=\"hover-info\"><h2 class=\"project-title\"><a href=\"https:\/\/ekmkonstruksionteknologji.com\/index.php\/project\/1-3\/\">EKM Konstruksion &amp; Teknologji<\/a><\/h2><div class=\"project-desc\"><\/div><\/div><\/div><\/div>\r\n\t\t\t<\/div><!-- \/.project-box -->\r\n\t\t\t\t\t<div class=\"project-box style-2\">\r\n\r\n\t\t\t\t\t<div class=\"project-image\"><div class=\"inner\"><img loading=\"lazy\" decoding=\"async\" width=\"450\" height=\"528\" src=\"https:\/\/ekmkonstruksionteknologji.com\/wp-content\/uploads\/2019\/05\/foto-9-450x528.jpg\" class=\"attachment-bauer-rectangle2 size-bauer-rectangle2 wp-post-image\" alt=\"\" \/><div class=\"icons\"><a href=\"https:\/\/ekmkonstruksionteknologji.com\/index.php\/project\/9\/\">next<\/a><\/div><div class=\"hover-info\"><h2 class=\"project-title\"><a href=\"https:\/\/ekmkonstruksionteknologji.com\/index.php\/project\/9\/\">EKM Konstruksion &amp; Teknologji<\/a><\/h2><div class=\"project-desc\"><\/div><\/div><\/div><\/div>\r\n\t\t\t<\/div><!-- \/.project-box -->\r\n\t\t\t\t\t<div class=\"project-box style-2\">\r\n\r\n\t\t\t\t\t<div class=\"project-image\"><div class=\"inner\"><img loading=\"lazy\" decoding=\"async\" width=\"450\" height=\"528\" src=\"https:\/\/ekmkonstruksionteknologji.com\/wp-content\/uploads\/2019\/05\/foto-4-450x528.jpg\" class=\"attachment-bauer-rectangle2 size-bauer-rectangle2 wp-post-image\" alt=\"\" \/><div class=\"icons\"><a href=\"https:\/\/ekmkonstruksionteknologji.com\/index.php\/project\/5-2\/\">next<\/a><\/div><div class=\"hover-info\"><h2 class=\"project-title\"><a href=\"https:\/\/ekmkonstruksionteknologji.com\/index.php\/project\/5-2\/\">EKM Konstruksion &amp; Teknologji<\/a><\/h2><div class=\"project-desc\"><\/div><\/div><\/div><\/div>\r\n\t\t\t<\/div><!-- \/.project-box -->\r\n\t\t\t\t\t<div class=\"project-box style-2\">\r\n\r\n\t\t\t\t\t<div class=\"project-image\"><div class=\"inner\"><img loading=\"lazy\" decoding=\"async\" width=\"450\" height=\"528\" src=\"https:\/\/ekmkonstruksionteknologji.com\/wp-content\/uploads\/2019\/05\/foto-5-450x528.jpg\" class=\"attachment-bauer-rectangle2 size-bauer-rectangle2 wp-post-image\" alt=\"\" \/><div class=\"icons\"><a href=\"https:\/\/ekmkonstruksionteknologji.com\/index.php\/project\/4-2\/\">next<\/a><\/div><div class=\"hover-info\"><h2 class=\"project-title\"><a href=\"https:\/\/ekmkonstruksionteknologji.com\/index.php\/project\/4-2\/\">EKM Konstruksion &amp; Teknologji<\/a><\/h2><div class=\"project-desc\"><\/div><\/div><\/div><\/div>\r\n\t\t\t<\/div><!-- \/.project-box -->\r\n\t\t\t\t\t<div class=\"project-box style-2\">\r\n\r\n\t\t\t\t\t<div class=\"project-image\"><div class=\"inner\"><img loading=\"lazy\" decoding=\"async\" width=\"450\" height=\"528\" src=\"https:\/\/ekmkonstruksionteknologji.com\/wp-content\/uploads\/2019\/05\/foto6-450x528.jpg\" class=\"attachment-bauer-rectangle2 size-bauer-rectangle2 wp-post-image\" alt=\"\" \/><div class=\"icons\"><a href=\"https:\/\/ekmkonstruksionteknologji.com\/index.php\/project\/6-2\/\">next<\/a><\/div><div class=\"hover-info\"><h2 class=\"project-title\"><a href=\"https:\/\/ekmkonstruksionteknologji.com\/index.php\/project\/6-2\/\">EKM Konstruksion &amp; Teknologji<\/a><\/h2><div class=\"project-desc\"><\/div><\/div><\/div><\/div>\r\n\t\t\t<\/div><!-- \/.project-box -->\r\n\t\t\t\t\t<div class=\"project-box style-2\">\r\n\r\n\t\t\t\t\t<div class=\"project-image\"><div class=\"inner\"><img loading=\"lazy\" decoding=\"async\" width=\"450\" height=\"528\" src=\"https:\/\/ekmkonstruksionteknologji.com\/wp-content\/uploads\/2019\/05\/foto-7-450x528.jpg\" class=\"attachment-bauer-rectangle2 size-bauer-rectangle2 wp-post-image\" alt=\"\" \/><div class=\"icons\"><a href=\"https:\/\/ekmkonstruksionteknologji.com\/index.php\/project\/7-2\/\">next<\/a><\/div><div class=\"hover-info\"><h2 class=\"project-title\"><a href=\"https:\/\/ekmkonstruksionteknologji.com\/index.php\/project\/7-2\/\">EKM Konstruksion &amp; Teknologji<\/a><\/h2><div class=\"project-desc\"><\/div><\/div><\/div><\/div>\r\n\t\t\t<\/div><!-- \/.project-box -->\r\n\t\t\t\t\t<div class=\"project-box style-2\">\r\n\r\n\t\t\t\t\t<div class=\"project-image\"><div class=\"inner\"><img loading=\"lazy\" decoding=\"async\" width=\"450\" height=\"528\" src=\"https:\/\/ekmkonstruksionteknologji.com\/wp-content\/uploads\/2019\/05\/foto8-450x528.jpg\" class=\"attachment-bauer-rectangle2 size-bauer-rectangle2 wp-post-image\" alt=\"\" \/><div class=\"icons\"><a href=\"https:\/\/ekmkonstruksionteknologji.com\/index.php\/project\/8\/\">next<\/a><\/div><div class=\"hover-info\"><h2 class=\"project-title\"><a href=\"https:\/\/ekmkonstruksionteknologji.com\/index.php\/project\/8\/\">EKM Konstruksion &amp; Teknologji<\/a><\/h2><div class=\"project-desc\"><\/div><\/div><\/div><\/div>\r\n\t\t\t<\/div><!-- \/.project-box -->\r\n\t\t\t<\/div><!-- \/.owl-carousel -->\r\n\r\n\r\n<\/div>\r\n<\/div><!-- \/.bauer-project -->\r\n\r\n\r\n\t<div class=\"bauer-spacer clearfix\" data-desktop=\"50\" data-mobi=\"50\" data-smobi=\"50\"><\/div><div class=\"bauer-align-box text-center\"><div class=\"button-wrap icon-right\" style=\"\" ><a href=\"https:\/\/ekmkonstruksionteknologji.com\/index.php\/portofol\/\" target=\"_self\" class=\"bauer-button btn-1081152134 medium no_icon custom outline solid custom\" style=\"border-radius:30px;border-width:1px;\"  data-background=\"\" data-border=\"#777777\" data-text=\"#777777\">\r\n\t\t<span style=\"\">PORTOFOL <\/span>\r\n\t<\/a><\/div>\r\n\t<div class=\"bauer-spacer clearfix\" data-desktop=\"100\" data-mobi=\"50\" data-smobi=\"50\"><\/div><\/div>[\/vc_column][\/vc_row]<\/p>\n","protected":false},"excerpt":{"rendered":"<p>[vc_row][vc_column][rev_slider_vc alias=&#8221;slider-4&#8243;][\/vc_column][\/vc_row][vc_row css=&#8221;.vc_custom_1557802417323{background-image: url(https:\/\/ekmkonstruksionteknologji.com\/wp-content\/uploads\/2019\/05\/section-about.png?id=8046) !important;background-position: center !important;background-repeat: no-repeat !important;background-size: cover !important;}&#8221;][vc_column][vc_row_inner][vc_column_inner width=&#8221;1\/3&#8243;][\/vc_column_inner][vc_column_inner width=&#8221;1\/3&#8243;][\/vc_column_inner][vc_column_inner width=&#8221;1\/3&#8243;][\/vc_column_inner][\/vc_row_inner][vc_row_inner][vc_column_inner width=&#8221;1\/2&#8243;][\/vc_column_inner][vc_column_inner width=&#8221;1\/2&#8243;][\/vc_column_inner][\/vc_row_inner][\/vc_column][\/vc_row][vc_row css=&#8221;.vc_custom_1557801723128{background-image: url(https:\/\/ekmkonstruksionteknologji.com\/wp-content\/uploads\/2019\/05\/section-bg4-2.jpg?id=8043) !important;background-position: center !important;background-repeat: no-repeat !important;background-size: cover !important;}&#8221;][vc_column][\/vc_column][\/vc_row][vc_row fullwidth=&#8221;yes&#8221; css=&#8221;.vc_custom_1557803188334{background-color: #f7f9fa !important;}&#8221;][vc_column][\/vc_column][\/vc_row]<\/p>\n","protected":false},"author":1,"featured_media":0,"parent":0,"menu_order":0,"comment_status":"closed","ping_status":"closed","template":"","meta":{"footnotes":""},"class_list":["post-8011","page","type-page","status-publish","hentry"],"_links":{"self":[{"href":"https:\/\/ekmkonstruksionteknologji.com\/index.php\/wp-json\/wp\/v2\/pages\/8011","targetHints":{"allow":["GET"]}}],"collection":[{"href":"https:\/\/ekmkonstruksionteknologji.com\/index.php\/wp-json\/wp\/v2\/pages"}],"about":[{"href":"https:\/\/ekmkonstruksionteknologji.com\/index.php\/wp-json\/wp\/v2\/types\/page"}],"author":[{"embeddable":true,"href":"https:\/\/ekmkonstruksionteknologji.com\/index.php\/wp-json\/wp\/v2\/users\/1"}],"replies":[{"embeddable":true,"href":"https:\/\/ekmkonstruksionteknologji.com\/index.php\/wp-json\/wp\/v2\/comments?post=8011"}],"version-history":[{"count":24,"href":"https:\/\/ekmkonstruksionteknologji.com\/index.php\/wp-json\/wp\/v2\/pages\/8011\/revisions"}],"predecessor-version":[{"id":9397,"href":"https:\/\/ekmkonstruksionteknologji.com\/index.php\/wp-json\/wp\/v2\/pages\/8011\/revisions\/9397"}],"wp:attachment":[{"href":"https:\/\/ekmkonstruksionteknologji.com\/index.php\/wp-json\/wp\/v2\/media?parent=8011"}],"curies":[{"name":"wp","href":"https:\/\/api.w.org\/{rel}","templated":true}]}}